{"id":59,"date":"2026-03-16T13:09:12","date_gmt":"2026-03-16T13:09:12","guid":{"rendered":"https:\/\/zelnuxy.blog\/?page_id=59"},"modified":"2026-03-16T13:09:21","modified_gmt":"2026-03-16T13:09:21","slug":"el-manifiesto-zelnuxy","status":"publish","type":"page","link":"https:\/\/zelnuxy.blog\/?page_id=59","title":{"rendered":"El Manifiesto zelnuxy"},"content":{"rendered":"\n<p>El fitness convencional ha enga\u00f1ado a la gente durante d\u00e9cadas con promesas vac\u00edas y m\u00e9todos gen\u00e9ricos. Mi nombre es Cristina Cabello De La Morena y mi filosof\u00eda se aleja de las modas pasajeras para centrarse en la biomec\u00e1nica pura. Entrenar en Madrid significa enfrentarse a un ritmo de vida acelerado : por eso cada minuto de movimiento en <strong>zelnuxy<\/strong> debe tener un prop\u00f3sito espec\u00edfico. No buscamos solo est\u00e9tica : buscamos funcionalidad y potencia. En mi estudio de Legan\u00e9s : cada cliente es un proyecto de transformaci\u00f3n integral donde la ciencia del ejercicio dicta el camino a seguir.<\/p>\n\n\n\n<blockquote class=\"wp-block-quote is-layout-flow wp-block-quote-is-layout-flow\">\n<p>\u00abLa fuerza es el lenguaje de la salud y tu cuerpo es el mensaje que env\u00edas al mundo\u00bb : <strong><em>Cristina Cabello De La Morena<\/em><\/strong><\/p>\n<\/blockquote>\n","protected":false},"excerpt":{"rendered":"<p>El fitness convencional ha enga\u00f1ado a la gente durante d\u00e9cadas con promesas vac\u00edas y m\u00e9todos gen\u00e9ricos. Mi nombre es Cristina Cabello De La Morena y mi filosof\u00eda se aleja de las modas pasajeras para centrarse en la biomec\u00e1nica pura. Entrenar en Madrid significa enfrentarse a un ritmo de vida acelerado : por eso cada minuto [&hellip;]<\/p>\n","protected":false},"author":1,"featured_media":0,"parent":0,"menu_order":6,"comment_status":"closed","ping_status":"closed","template":"","meta":{"footnotes":""},"class_list":["post-59","page","type-page","status-publish","hentry"],"_links":{"self":[{"href":"https:\/\/zelnuxy.blog\/index.php?rest_route=\/wp\/v2\/pages\/59","targetHints":{"allow":["GET"]}}],"collection":[{"href":"https:\/\/zelnuxy.blog\/index.php?rest_route=\/wp\/v2\/pages"}],"about":[{"href":"https:\/\/zelnuxy.blog\/index.php?rest_route=\/wp\/v2\/types\/page"}],"author":[{"embeddable":true,"href":"https:\/\/zelnuxy.blog\/index.php?rest_route=\/wp\/v2\/users\/1"}],"replies":[{"embeddable":true,"href":"https:\/\/zelnuxy.blog\/index.php?rest_route=%2Fwp%2Fv2%2Fcomments&post=59"}],"version-history":[{"count":1,"href":"https:\/\/zelnuxy.blog\/index.php?rest_route=\/wp\/v2\/pages\/59\/revisions"}],"predecessor-version":[{"id":60,"href":"https:\/\/zelnuxy.blog\/index.php?rest_route=\/wp\/v2\/pages\/59\/revisions\/60"}],"wp:attachment":[{"href":"https:\/\/zelnuxy.blog\/index.php?rest_route=%2Fwp%2Fv2%2Fmedia&parent=59"}],"curies":[{"name":"wp","href":"https:\/\/api.w.org\/{rel}","templated":true}]}}