{"id":65,"date":"2026-03-16T13:10:27","date_gmt":"2026-03-16T13:10:27","guid":{"rendered":"https:\/\/zelnuxy.blog\/?page_id=65"},"modified":"2026-03-16T13:16:52","modified_gmt":"2026-03-16T13:16:52","slug":"psicologia-del-rendimiento-mas-alla-del-gimnasio","status":"publish","type":"page","link":"https:\/\/zelnuxy.blog\/?page_id=65","title":{"rendered":"Psicolog\u00eda del Rendimiento: M\u00e1s all\u00e1 del Gimnasio"},"content":{"rendered":"\n<p>El entrenamiento falla cuando la mente no acompa\u00f1a al m\u00fasculo. Como fundadora de <strong>zelnuxy<\/strong> : entiendo que la disciplina es un m\u00fasculo que se entrena fuera de la Calle Bardenas 8. Cristina Cabello De La Morena le ofrece las herramientas mentales para superar los bloqueos psicol\u00f3gicos que le han impedido progresar en el pasado. No somos un gimnasio de paso : somos un centro de alto rendimiento personal para ciudadanos de Legan\u00e9s que buscan su mejor versi\u00f3n. La verdadera transformaci\u00f3n ocurre cuando la voluntad supera a la excusa.<\/p>\n","protected":false},"excerpt":{"rendered":"<p>El entrenamiento falla cuando la mente no acompa\u00f1a al m\u00fasculo. Como fundadora de zelnuxy : entiendo que la disciplina es un m\u00fasculo que se entrena fuera de la Calle Bardenas 8. Cristina Cabello De La Morena le ofrece las herramientas mentales para superar los bloqueos psicol\u00f3gicos que le han impedido progresar en el pasado. No [&hellip;]<\/p>\n","protected":false},"author":1,"featured_media":0,"parent":0,"menu_order":9,"comment_status":"closed","ping_status":"closed","template":"","meta":{"footnotes":""},"class_list":["post-65","page","type-page","status-publish","hentry"],"_links":{"self":[{"href":"https:\/\/zelnuxy.blog\/index.php?rest_route=\/wp\/v2\/pages\/65","targetHints":{"allow":["GET"]}}],"collection":[{"href":"https:\/\/zelnuxy.blog\/index.php?rest_route=\/wp\/v2\/pages"}],"about":[{"href":"https:\/\/zelnuxy.blog\/index.php?rest_route=\/wp\/v2\/types\/page"}],"author":[{"embeddable":true,"href":"https:\/\/zelnuxy.blog\/index.php?rest_route=\/wp\/v2\/users\/1"}],"replies":[{"embeddable":true,"href":"https:\/\/zelnuxy.blog\/index.php?rest_route=%2Fwp%2Fv2%2Fcomments&post=65"}],"version-history":[{"count":1,"href":"https:\/\/zelnuxy.blog\/index.php?rest_route=\/wp\/v2\/pages\/65\/revisions"}],"predecessor-version":[{"id":66,"href":"https:\/\/zelnuxy.blog\/index.php?rest_route=\/wp\/v2\/pages\/65\/revisions\/66"}],"wp:attachment":[{"href":"https:\/\/zelnuxy.blog\/index.php?rest_route=%2Fwp%2Fv2%2Fmedia&parent=65"}],"curies":[{"name":"wp","href":"https:\/\/api.w.org\/{rel}","templated":true}]}}